{"id":962,"date":"2026-03-12T15:40:11","date_gmt":"2026-03-12T14:40:11","guid":{"rendered":"https:\/\/mm-mietwerkzeug.de\/?post_type=product&#038;p=962"},"modified":"2026-03-12T16:12:28","modified_gmt":"2026-03-12T15:12:28","slug":"kaercher-hd6-15c-plus-easy-force-hochdruckreiniger","status":"publish","type":"product","link":"https:\/\/mm-mietwerkzeug.de\/?product=kaercher-hd6-15c-plus-easy-force-hochdruckreiniger","title":{"rendered":"K\u00c4RCHER HD6-15C-Plus Easy Force Hochdruckreiniger"},"content":{"rendered":"<p><strong>Technische Details<\/strong><\/p>\n<ul>\n<li>F\u00f6rdermenge: 230 &#8211; 560L<\/li>\n<li>Arbeitsdruck: 30 &#8211; 150bar<\/li>\n<li>Druck max. : 190bar<\/li>\n<li>Zulauftemperatur: max. 60\u00b0<\/li>\n<li>Gewicht: 23kg<\/li>\n<li>Abmessungen (L x B x H) (mm): 360 x 375 x 925<\/li>\n<\/ul>\n<p><strong>Zubeh\u00f6r in Miete inbegriffen:<\/strong><\/p>\n<ul>\n<li>EASY!Force-Hochdruckpistole<strong><br \/>\n<\/strong><\/li>\n<li>Hochdruckschlauch (10 m)<\/li>\n<li>Strahlrohr (840 mm) mit EASY!Lock<\/li>\n<li>D\u00fcse 25\u00b0 mit EASY!Lock<\/li>\n<\/ul>\n<p><strong>Beschreibung<\/strong><\/p>\n<ul>\n<li>K\u00e4rcher Druckabschaltung:\u00a0automatische Abschaltung von Motor und Pumpe bei geschlossener Pistole.<\/li>\n<li>Bei der innovativen\u00a0EASY!Force-Handspritzpistole\u00a0befindet sich der Ausl\u00f6ser am hinteren Ende. Dadurch kann die R\u00fccksto\u00dfkraft des Hochdruckstrahls genutzt werden, um den Ausl\u00f6ser zu bet\u00e4tigen. Die Haltekr\u00e4fte reduzieren sich so auf Null. Das erm\u00f6glicht erm\u00fcdungsfreies Arbeiten auch bei l\u00e4ngeren Eins\u00e4tzen.<\/li>\n<li>Das patentierte\u00a0EASY!Lock-Anschlusssystem\u00a0macht das Auf- und Abr\u00fcsten so schnell und einfach. Dank des vierg\u00e4ngigen Trapezgewindes lassen sich Strahlrohr und Pistole sowie Schlauch und Pistole mit nur einer einzigen Umdrehung verbinden.<\/li>\n<li>Dieser Kaltwasser-Hochdruckreiniger wird f\u00fcr Reinigungseins\u00e4tze mit einer maximalen Durchschnitts-Einsatzdauer\u00a0von 1 bis 2 Stunden\u00a0empfohlen.<\/li>\n<li>Stufenlose Druck-\/Wassermengenregulierung<br \/>\n&#8211;\u00a0Direkt am Ger\u00e4t einstellbar<br \/>\n&#8211; zur schonenden Reinigung empfindlicher Oberfl\u00e4chen<\/li>\n<li>Ausziehbarer Schubb\u00fcgel<br \/>\n&#8211;\u00a0Gro\u00dfe Aluminiumprofile sorgen f\u00fcr Stabilit\u00e4t und gute Man\u00f6vrierbarkeit<br \/>\n&#8211; \u00dcbernimmt im ausgefahrenen Zustand die Funktion der Zubeh\u00f6raufnahme<br \/>\n&#8211;\u00a0Im eingefahrenen Zustand ist ein komfortabler, platzsparender Transport, zum Beispiel im Servicefahrzeug\/Kombi m\u00f6glichDieser unbeheizte Hochdruckreiniger mit Wechselstromantrieb ist f\u00fcr den gewerblichen Endkunden das hochwertig ausgestattete Top-Ger\u00e4t in der Kompakt-Klasse.Der HD 6\/15 C Plus in stehender Bauweise besticht durch seine Mobilit\u00e4t, Kompaktheit und seinen h\u00f6henverstellbaren Schubb\u00fcgel aus Aluminiumprofil. Der Vorteil von diesem Schubb\u00fcgel ist, dass er einfach (ohne Werkzeug) der K\u00f6rpergr\u00f6\u00dfe angepasst werden kann. Im ausgefahrenen Zustand ist das Zubeh\u00f6r dank der gro\u00dfz\u00fcgigen Aufbewahrungsm\u00f6glichkeiten stets griffbereit und sicher aufger\u00e4umt. Im eingefahrenen Zustand kann das handliche Ger\u00e4t problemlos in jedem Kombi oder Servicefahrzeug verstaut werden.<\/p>\n<p>Zu den bekannten K\u00c4RCHER-Ausstattungsmerkmalen z\u00e4hlt die Vollverkleidung aus schlagfestem Kunststoff, die Hochdruckpumpe und Motor vor Besch\u00e4digungen und Verschmutzungen sch\u00fctzt. Sehr gut und auch praktisch ist auf der Ger\u00e4ter\u00fcckseite eine Elektrokabelaufwicklung (mit Fixierung des Steckers) und ein D\u00fcsenfach angeordnet. Eine stufenlose Druckmengenregulierung am Ger\u00e4t erlaubt eine Druck- Wassermengenanpassung an die geforderte Reinigungsaufgabe. Die mitgelieferte Dreifachd\u00fcse garantiert eine schnelle und bequeme Strahlumstellung. Sie haben die Wahl zwischen Hochdruckpunktstrahl, Hochdruckflachstrahl (25\u00b0) und dem Niederdruckflachstrahl (40\u00b0). Der Niederdruckflachstrahl (40\u00b0) wird zur Reinigungsmittelausbringung ben\u00f6tigt. Mit dem Reinigungsmitteldosierventil k\u00f6nnen Reinigungsmittel stufenlos dem HD-Strahl beigemischt werden. Die Drei-Kolben-Axialpumpe mit Edelstahlkolben und Messingzylinderkopf garantieren hohe Standzeiten und eine geringe St\u00f6ranf\u00e4lligkeit. Das besondere dieser neu entwickelten Pumpe ist, dass sowie der Wassereingang und Hochdruckausgang aus Messing ist. Damit erreichen wir eine sehr hohe Bruchfestigkeit und Korrosionsbest\u00e4ndigkeit.<\/li>\n<\/ul>\n<ul>\n<li style=\"list-style-type: none;\"><\/li>\n<\/ul>\n","protected":false},"excerpt":{"rendered":"<p><strong>Abholung und R\u00fcckgabe der Mietsache:<\/strong><br \/>\nAbholung am ersten Tag der ausgew\u00e4hlten Mietzeit ab 14:00 bis 17:00 Uhr<br \/>\nR\u00fcckgabe bis sp\u00e4testens 17:00 Uhr am letzten Tag der Mietzeit<\/p>\n","protected":false},"featured_media":963,"template":"","meta":[],"product_brand":[],"product_cat":[19,84,85,21],"product_tag":[],"mwb_booking_people":[],"mwb_booking_cost":[],"mwb_booking_service":[128,127,77],"class_list":{"0":"post-962","1":"product","2":"type-product","3":"status-publish","4":"has-post-thumbnail","6":"product_cat-booking","7":"product_cat-garten-und-landschaftsbau","8":"product_cat-saugen-reinigen-und-saeubern","9":"product_cat-vermieten","10":"mwb_booking_service-kaercher-dreckfraese-rotorduese","11":"mwb_booking_service-kaercher-fr-classic-flaechenreiniger","12":"mwb_booking_service-servicepauschale-klein-ausgabe-ruecknahme-funktionstest","14":"first","15":"instock","16":"virtual","17":"taxable","18":"purchasable","19":"product-type-mwb_booking"},"_links":{"self":[{"href":"https:\/\/mm-mietwerkzeug.de\/index.php?rest_route=\/wp\/v2\/product\/962","targetHints":{"allow":["GET"]}}],"collection":[{"href":"https:\/\/mm-mietwerkzeug.de\/index.php?rest_route=\/wp\/v2\/product"}],"about":[{"href":"https:\/\/mm-mietwerkzeug.de\/index.php?rest_route=\/wp\/v2\/types\/product"}],"wp:featuredmedia":[{"embeddable":true,"href":"https:\/\/mm-mietwerkzeug.de\/index.php?rest_route=\/wp\/v2\/media\/963"}],"wp:attachment":[{"href":"https:\/\/mm-mietwerkzeug.de\/index.php?rest_route=%2Fwp%2Fv2%2Fmedia&parent=962"}],"wp:term":[{"taxonomy":"product_brand","embeddable":true,"href":"https:\/\/mm-mietwerkzeug.de\/index.php?rest_route=%2Fwp%2Fv2%2Fproduct_brand&post=962"},{"taxonomy":"product_cat","embeddable":true,"href":"https:\/\/mm-mietwerkzeug.de\/index.php?rest_route=%2Fwp%2Fv2%2Fproduct_cat&post=962"},{"taxonomy":"product_tag","embeddable":true,"href":"https:\/\/mm-mietwerkzeug.de\/index.php?rest_route=%2Fwp%2Fv2%2Fproduct_tag&post=962"},{"taxonomy":"mwb_booking_people","embeddable":true,"href":"https:\/\/mm-mietwerkzeug.de\/index.php?rest_route=%2Fwp%2Fv2%2Fmwb_booking_people&post=962"},{"taxonomy":"mwb_booking_cost","embeddable":true,"href":"https:\/\/mm-mietwerkzeug.de\/index.php?rest_route=%2Fwp%2Fv2%2Fmwb_booking_cost&post=962"},{"taxonomy":"mwb_booking_service","embeddable":true,"href":"https:\/\/mm-mietwerkzeug.de\/index.php?rest_route=%2Fwp%2Fv2%2Fmwb_booking_service&post=962"}],"curies":[{"name":"wp","href":"https:\/\/api.w.org\/{rel}","templated":true}]}}