{"id":927,"date":"2025-09-27T15:54:37","date_gmt":"2025-09-27T13:54:37","guid":{"rendered":"https:\/\/mm-mietwerkzeug.de\/?post_type=product&#038;p=927"},"modified":"2025-09-27T16:23:30","modified_gmt":"2025-09-27T14:23:30","slug":"rems-power-press-acc-presszange","status":"publish","type":"product","link":"https:\/\/mm-mietwerkzeug.de\/?product=rems-power-press-acc-presszange","title":{"rendered":"REMS Power-Press ACC Presszange"},"content":{"rendered":"<p><strong>Technische Details<\/strong><\/p>\n<ul>\n<li>Nennkraft: 32 kN<\/li>\n<li>Mit Zwangsablauf<\/li>\n<li>Zur Herstellung von Pressverbindungen \u00d8 10 &#8211; 108 (110) mm, \u00d8 3\/8 &#8211; 4&#8243;<\/li>\n<li>Zum Antrieb von REMS Presszangen\/Pressringen und geeigneten Presszangen\/Pressringen anderer Fabrikate<\/li>\n<li>Drehbare Presszangenaufnahme mit automatischer Verriegelung<\/li>\n<li>Elektrohydraulischer Antrieb mit bew\u00e4hrtem Universalmotor (230 V, 50 &#8211; 60 Hz, 450 W)<\/li>\n<li>Mit robustem Planetengetriebe, Exzenterkolbenpumpe, kompaktem Hochleistungs-Hydrauliksystem und Sicherheits-Tippschalter<\/li>\n<li>Inklusive stabilem Stahlblechkasten<\/li>\n<\/ul>\n<p>Die elektrohydraulische Radialpresse ist kompakt, robust und f\u00fcr den Baustelleneinsatz konzipiert. Die Antriebsmaschine wiegt lediglich 4,7 kg und l\u00e4sst sich \u00fcberall einsetzen, sei es frei Hand, \u00fcber Kopf oder an schwer zug\u00e4nglichen Stellen. Die ausgewogene Gewichtsverteilung und das ergonomische Geh\u00e4use erm\u00f6glichen eine komfortable Einhand-Bedienung.<\/p>\n<p>Dank der drehbaren Presszangenaufnahme und der automatischen Verriegelung der Presszangen\/Zwischenzangen ist ein sicherer und pr\u00e4ziser Einsatz gew\u00e4hrleistet. Zudem ist das Ger\u00e4t auch mit geeigneten Presszangen\/Pressringen anderer Fabrikate kompatibel.<\/p>\n<ul>\n<li>Kompakt, robust, baustellengerecht<\/li>\n<li>Gewicht der Antriebsmaschine: 4,7 kg<\/li>\n<li>\u00dcberall einsetzbar, frei Hand, \u00fcber Kopf, an engen Stellen<\/li>\n<li>Optimale Gewichtsverteilung f\u00fcr Einhand-Bedienung<\/li>\n<li>Ergonomisch gestaltetes Geh\u00e4use<\/li>\n<li>Drehbare Presszangenaufnahme<\/li>\n<li>Sicherer Sitz der Presszange\/Zwischenzange durch automatische Verriegelung<\/li>\n<li>Auch f\u00fcr geeignete Presszangen\/Pressringe anderer Fabrikate<\/li>\n<\/ul>\n","protected":false},"excerpt":{"rendered":"<p><strong>Abholung und R\u00fcckgabe der Mietsache:<\/strong><br \/>\nAbholung am ersten Tag der ausgew\u00e4hlten Mietzeit ab 14:00 bis 17:00 Uhr<br \/>\nR\u00fcckgabe bis sp\u00e4testens 17:00 Uhr am letzten Tag der Mietzeit<\/p>\n","protected":false},"featured_media":928,"template":"","meta":[],"product_brand":[],"product_cat":[19,116,21],"product_tag":[],"mwb_booking_people":[],"mwb_booking_cost":[],"mwb_booking_service":[119,120,121,122,123,124,117,118,17,77],"class_list":{"0":"post-927","1":"product","2":"type-product","3":"status-publish","4":"has-post-thumbnail","6":"product_cat-booking","7":"product_cat-pressen-und-schneiden","8":"product_cat-vermieten","9":"mwb_booking_service-pressbacke-15mm-v-kontur-tag","10":"mwb_booking_service-pressbacke-18mm-v-kontur-tag","11":"mwb_booking_service-pressbacke-22mm-v-kontur-tag","12":"mwb_booking_service-pressbacke-28mm-v-kontur-tag","13":"mwb_booking_service-pressbacke-35mm-v-kontur-tag","14":"mwb_booking_service-pressbacke-42mm-v-kontur-tag","15":"mwb_booking_service-rems-10-54mm-aussen-innen-rohrentgrater","16":"mwb_booking_service-rohrschneider-edelstahl-kupfer-tag","17":"mwb_booking_service-reinigungspauschale-kleingeraet","18":"mwb_booking_service-servicepauschale-klein-ausgabe-ruecknahme-funktionstest","20":"first","21":"instock","22":"virtual","23":"taxable","24":"purchasable","25":"product-type-mwb_booking"},"_links":{"self":[{"href":"https:\/\/mm-mietwerkzeug.de\/index.php?rest_route=\/wp\/v2\/product\/927","targetHints":{"allow":["GET"]}}],"collection":[{"href":"https:\/\/mm-mietwerkzeug.de\/index.php?rest_route=\/wp\/v2\/product"}],"about":[{"href":"https:\/\/mm-mietwerkzeug.de\/index.php?rest_route=\/wp\/v2\/types\/product"}],"wp:featuredmedia":[{"embeddable":true,"href":"https:\/\/mm-mietwerkzeug.de\/index.php?rest_route=\/wp\/v2\/media\/928"}],"wp:attachment":[{"href":"https:\/\/mm-mietwerkzeug.de\/index.php?rest_route=%2Fwp%2Fv2%2Fmedia&parent=927"}],"wp:term":[{"taxonomy":"product_brand","embeddable":true,"href":"https:\/\/mm-mietwerkzeug.de\/index.php?rest_route=%2Fwp%2Fv2%2Fproduct_brand&post=927"},{"taxonomy":"product_cat","embeddable":true,"href":"https:\/\/mm-mietwerkzeug.de\/index.php?rest_route=%2Fwp%2Fv2%2Fproduct_cat&post=927"},{"taxonomy":"product_tag","embeddable":true,"href":"https:\/\/mm-mietwerkzeug.de\/index.php?rest_route=%2Fwp%2Fv2%2Fproduct_tag&post=927"},{"taxonomy":"mwb_booking_people","embeddable":true,"href":"https:\/\/mm-mietwerkzeug.de\/index.php?rest_route=%2Fwp%2Fv2%2Fmwb_booking_people&post=927"},{"taxonomy":"mwb_booking_cost","embeddable":true,"href":"https:\/\/mm-mietwerkzeug.de\/index.php?rest_route=%2Fwp%2Fv2%2Fmwb_booking_cost&post=927"},{"taxonomy":"mwb_booking_service","embeddable":true,"href":"https:\/\/mm-mietwerkzeug.de\/index.php?rest_route=%2Fwp%2Fv2%2Fmwb_booking_service&post=927"}],"curies":[{"name":"wp","href":"https:\/\/api.w.org\/{rel}","templated":true}]}}