{"id":803,"date":"2025-04-04T14:32:16","date_gmt":"2025-04-04T12:32:16","guid":{"rendered":"https:\/\/mm-mietwerkzeug.de\/?post_type=product&#038;p=803"},"modified":"2025-09-27T13:10:51","modified_gmt":"2025-09-27T11:10:51","slug":"flex-mxe-1001-ruehrwerk-mischer","status":"publish","type":"product","link":"https:\/\/mm-mietwerkzeug.de\/?product=flex-mxe-1001-ruehrwerk-mischer","title":{"rendered":"FLEX MXE 1001 R\u00fchrwerk \/ Mischer"},"content":{"rendered":"<p>&#8211; 1010 Watt 1-Gang-R\u00fchrer mit Gasgebeschalter<br \/>\n&#8211; Robustes 1-Gang-Getriebe: gro\u00df dimensioniert und optimal \u00fcbersetzt &#8211; f\u00fcr ein starkes Drehmoment<br \/>\n&#8211; Vollwellenelektronik: mit Sanftanlauf, Temperatur\u00fcberwachung, \u00dcberlastungsschutz und mit stufenloser Drehzahlregelung \u00fcber Gasgebeschalter &#8211; f\u00fcr ein kontrolliertes Hochfahren an die optimale R\u00fchrgeschwindigkeit. Durchzugsstark in allen Drehzahlbereichen<br \/>\n&#8211; Ein-\/Aus-Schalter mit Arretierung und Wiederanlaufschutz. Ideal f\u00fcr station\u00e4ren Einsatz in einem Mischcenter<br \/>\n&#8211; Die flexible Gummit\u00fclle \u00fcber dem Ein-\/Ausschalter sch\u00fctzt vor Verschmutzungen. Keine Funktionsst\u00f6rungen durch verklebte Schalter<br \/>\n&#8211; Ergonomische Handgriffe am Antrieb: wenig Gewicht, entspannte Armhaltung und aufrechte K\u00f6rperposition f\u00fcr eine komfortable und kr\u00e4fteschonende Bedienung<br \/>\n&#8211; Vier Sto\u00dfecken mit Gummipuffer sorgen f\u00fcr eine sichere Ablage beim Transport und bieten Schutz gegen St\u00f6\u00dfe und Schl\u00e4ge auf der Baustelle<br \/>\n&#8211; Schutzkappe \u00fcber dem Motorgeh\u00e4use lenkt den K\u00fchl-Luftstrom und verhindert das Eindringen von Spritzwasser<br \/>\n&#8211; F\u00fcr Mischanwendungen bis 40 kg<br \/>\n&#8211; Bew\u00e4hrter Standardmischer ist ideal f\u00fcr Anwender, die vorwiegend im unteren Drehzahlbereich arbeiten<\/p>\n<p>Technische Daten:<br \/>\nLeerlaufdrehzahl 0-780 \/min<br \/>\nLeistungsaufnahme 1010 Watt<br \/>\nLeistungsabgabe 550 Watt<br \/>\nWerkzeugaufnahme M 14<br \/>\nSpannhals-\u00d8 53 mm<br \/>\nMax. R\u00fchrkorb-\u00d8 120 mm<br \/>\nAbmessung (L x B x H) 405 x 215 x 340 mm<br \/>\nKabell\u00e4nge 4,0 m<br \/>\nGewicht (ohne R\u00fchrstab) 4,5 kg<\/p>\n","protected":false},"excerpt":{"rendered":"<p><strong>Abholung und R\u00fcckgabe der Mietsache:<\/strong><br \/>\nAbholung am ersten Tag der ausgew\u00e4hlten Mietzeit ab 14:00 bis 17:00 Uhr<br \/>\nR\u00fcckgabe bis sp\u00e4testens 17:00 Uhr am letzten Tag der Mietzeit<\/p>\n","protected":false},"featured_media":804,"template":"","meta":[],"product_brand":[],"product_cat":[19,87,21],"product_tag":[],"mwb_booking_people":[],"mwb_booking_cost":[],"mwb_booking_service":[17,77],"class_list":{"0":"post-803","1":"product","2":"type-product","3":"status-publish","4":"has-post-thumbnail","6":"product_cat-booking","7":"product_cat-mischen-und-anruehren","8":"product_cat-vermieten","9":"mwb_booking_service-reinigungspauschale-kleingeraet","10":"mwb_booking_service-servicepauschale-klein-ausgabe-ruecknahme-funktionstest","12":"first","13":"instock","14":"virtual","15":"taxable","16":"purchasable","17":"product-type-mwb_booking"},"_links":{"self":[{"href":"https:\/\/mm-mietwerkzeug.de\/index.php?rest_route=\/wp\/v2\/product\/803","targetHints":{"allow":["GET"]}}],"collection":[{"href":"https:\/\/mm-mietwerkzeug.de\/index.php?rest_route=\/wp\/v2\/product"}],"about":[{"href":"https:\/\/mm-mietwerkzeug.de\/index.php?rest_route=\/wp\/v2\/types\/product"}],"wp:featuredmedia":[{"embeddable":true,"href":"https:\/\/mm-mietwerkzeug.de\/index.php?rest_route=\/wp\/v2\/media\/804"}],"wp:attachment":[{"href":"https:\/\/mm-mietwerkzeug.de\/index.php?rest_route=%2Fwp%2Fv2%2Fmedia&parent=803"}],"wp:term":[{"taxonomy":"product_brand","embeddable":true,"href":"https:\/\/mm-mietwerkzeug.de\/index.php?rest_route=%2Fwp%2Fv2%2Fproduct_brand&post=803"},{"taxonomy":"product_cat","embeddable":true,"href":"https:\/\/mm-mietwerkzeug.de\/index.php?rest_route=%2Fwp%2Fv2%2Fproduct_cat&post=803"},{"taxonomy":"product_tag","embeddable":true,"href":"https:\/\/mm-mietwerkzeug.de\/index.php?rest_route=%2Fwp%2Fv2%2Fproduct_tag&post=803"},{"taxonomy":"mwb_booking_people","embeddable":true,"href":"https:\/\/mm-mietwerkzeug.de\/index.php?rest_route=%2Fwp%2Fv2%2Fmwb_booking_people&post=803"},{"taxonomy":"mwb_booking_cost","embeddable":true,"href":"https:\/\/mm-mietwerkzeug.de\/index.php?rest_route=%2Fwp%2Fv2%2Fmwb_booking_cost&post=803"},{"taxonomy":"mwb_booking_service","embeddable":true,"href":"https:\/\/mm-mietwerkzeug.de\/index.php?rest_route=%2Fwp%2Fv2%2Fmwb_booking_service&post=803"}],"curies":[{"name":"wp","href":"https:\/\/api.w.org\/{rel}","templated":true}]}}