{"id":797,"date":"2025-04-04T14:26:59","date_gmt":"2025-04-04T12:26:59","guid":{"rendered":"https:\/\/mm-mietwerkzeug.de\/?post_type=product&#038;p=797"},"modified":"2025-09-27T13:10:55","modified_gmt":"2025-09-27T11:10:55","slug":"kaercher-br-40-10-c-scheuersaugmaschine","status":"publish","type":"product","link":"https:\/\/mm-mietwerkzeug.de\/?product=kaercher-br-40-10-c-scheuersaugmaschine","title":{"rendered":"K\u00c4RCHER BR 40\/10 C Scheuersaugmaschine"},"content":{"rendered":"<p>Diese kompakte Scheuersaugmaschine kann flexibel eingesetzt werden. Ein ger\u00e4uscharmes Scheuern und Saugen ist in beide Richtungen m\u00f6glich. Sie verf\u00fcgt \u00fcber einen zusammenklappbaren Schubb\u00fcgel sowie abnehmbare Tanks, die mit einem arretierten Tragegriff m\u00fchelos transportiert werden k\u00f6nnen. Der B\u00fcrsten- und Sauglippenwechsel erfolgt werkzeuglos innerhalb weniger Sekunden.<\/p>\n<p>&#8211; 2 schnelldrehende Walzenb\u00fcrsten mit hohem Anpressdruck.<br \/>\n&#8211; 2 Sauglippenstreifen nehmen das Wasser vorw\u00e4rts und r\u00fcckw\u00e4rts auf. Der Boden ist sofort wieder begehbar.<br \/>\n&#8211; Niedrige Unterfahrh\u00f6he, problemloses Unterfahren von M\u00f6beln.<br \/>\n&#8211; Der Schubb\u00fcgel kann in beide Richtungen umgelegt werden.<br \/>\n&#8211; Bei ganz niedrigen Objekten kann auch noch der Tank abgenommen werden.<br \/>\n&#8211; Einfacher, werkzeugloser Wechsel von B\u00fcrsten und Sauglippen.<br \/>\n&#8211; Mit integrierter Steuerung von Wasserzufluss und B\u00fcrste.<\/p>\n<p>Technische Daten<br \/>\nArbeitsbreite B\u00fcrsten (mm) 400<br \/>\nArbeitsbreite Saugen (mm) 400<br \/>\nAufnahmeleistung (W) 2300<br \/>\nTank Frisch-\/Schmutzwasser (l) 10 \/ 10<br \/>\nB\u00fcrstenanpressdruck (g\/cm\u00b2\/kg) 100 &#8211; 200 \/ 20 &#8211; 30<br \/>\nB\u00fcrstendrehzahl (U\/min) 1100<br \/>\nMax. Fl\u00e4chenleistung (m\u00b2\/h) 400<br \/>\nPraktische Fl\u00e4chenleistung (m\u00b2\/h) 300<br \/>\nStromart (V\/Hz) 220 &#8211; 240 \/ 50<br \/>\nGewicht (mit Zubeh\u00f6r) (kg) 41,2<br \/>\nGewicht ohne Zubeh\u00f6r (kg) 35,5<br \/>\nAbmessungen (L \u00d7 B \u00d7 H) (mm) 520 x 470 x 1150<\/p>\n","protected":false},"excerpt":{"rendered":"<p><strong>Abholung und R\u00fcckgabe der Mietsache:<\/strong><br \/>\nAbholung am ersten Tag der ausgew\u00e4hlten Mietzeit ab 14:00 bis 17:00 Uhr<br \/>\nR\u00fcckgabe bis sp\u00e4testens 17:00 Uhr am letzten Tag der Mietzeit<\/p>\n","protected":false},"featured_media":802,"template":"","meta":[],"product_brand":[],"product_cat":[19,85,21],"product_tag":[],"mwb_booking_people":[],"mwb_booking_cost":[],"mwb_booking_service":[17,79],"class_list":{"0":"post-797","1":"product","2":"type-product","3":"status-publish","4":"has-post-thumbnail","6":"product_cat-booking","7":"product_cat-saugen-reinigen-und-saeubern","8":"product_cat-vermieten","9":"mwb_booking_service-reinigungspauschale-kleingeraet","10":"mwb_booking_service-servicepauschale-mittel-ausgabe-ruecknahme-funktionstest","12":"first","13":"instock","14":"virtual","15":"taxable","16":"purchasable","17":"product-type-mwb_booking"},"_links":{"self":[{"href":"https:\/\/mm-mietwerkzeug.de\/index.php?rest_route=\/wp\/v2\/product\/797","targetHints":{"allow":["GET"]}}],"collection":[{"href":"https:\/\/mm-mietwerkzeug.de\/index.php?rest_route=\/wp\/v2\/product"}],"about":[{"href":"https:\/\/mm-mietwerkzeug.de\/index.php?rest_route=\/wp\/v2\/types\/product"}],"wp:featuredmedia":[{"embeddable":true,"href":"https:\/\/mm-mietwerkzeug.de\/index.php?rest_route=\/wp\/v2\/media\/802"}],"wp:attachment":[{"href":"https:\/\/mm-mietwerkzeug.de\/index.php?rest_route=%2Fwp%2Fv2%2Fmedia&parent=797"}],"wp:term":[{"taxonomy":"product_brand","embeddable":true,"href":"https:\/\/mm-mietwerkzeug.de\/index.php?rest_route=%2Fwp%2Fv2%2Fproduct_brand&post=797"},{"taxonomy":"product_cat","embeddable":true,"href":"https:\/\/mm-mietwerkzeug.de\/index.php?rest_route=%2Fwp%2Fv2%2Fproduct_cat&post=797"},{"taxonomy":"product_tag","embeddable":true,"href":"https:\/\/mm-mietwerkzeug.de\/index.php?rest_route=%2Fwp%2Fv2%2Fproduct_tag&post=797"},{"taxonomy":"mwb_booking_people","embeddable":true,"href":"https:\/\/mm-mietwerkzeug.de\/index.php?rest_route=%2Fwp%2Fv2%2Fmwb_booking_people&post=797"},{"taxonomy":"mwb_booking_cost","embeddable":true,"href":"https:\/\/mm-mietwerkzeug.de\/index.php?rest_route=%2Fwp%2Fv2%2Fmwb_booking_cost&post=797"},{"taxonomy":"mwb_booking_service","embeddable":true,"href":"https:\/\/mm-mietwerkzeug.de\/index.php?rest_route=%2Fwp%2Fv2%2Fmwb_booking_service&post=797"}],"curies":[{"name":"wp","href":"https:\/\/api.w.org\/{rel}","templated":true}]}}