{"id":794,"date":"2025-04-04T14:18:47","date_gmt":"2025-04-04T12:18:47","guid":{"rendered":"https:\/\/mm-mietwerkzeug.de\/?post_type=product&#038;p=794"},"modified":"2025-09-27T13:11:00","modified_gmt":"2025-09-27T11:11:00","slug":"hilti-vc-20-ul-sicherheitssauger-kl-l","status":"publish","type":"product","link":"https:\/\/mm-mietwerkzeug.de\/?product=hilti-vc-20-ul-sicherheitssauger-kl-l","title":{"rendered":"HILTI VC 20-UL Sicherheitssauger Kl. L"},"content":{"rendered":"<p>&#8211; Staubsauger f\u00fcr Trocken- und Nassarbeiten<br \/>\n&#8211; Hervorragendes Handling durch kompakte Bauweise<br \/>\n&#8211; Staubsauger mit Super-Saugkraft<br \/>\n&#8211; Durch die automatische Filterreinigung im regelm\u00e4\u00dfigen Abstand von 15 Sekunden erreicht der Hilti VC 20-U \u00fcber einen langen Zeitraum eine konstant hohe Saugleistung. Dies erh\u00f6ht die Effizienz und vermeidet l\u00e4stige Stopps zur Filterreinigung.<br \/>\n&#8211; Maximale Tankausnutzung durch hoch an der Maschine angeordnete Filter und Ansaugung<br \/>\n&#8211; Robuster Schlauch, der den h\u00e4rtesten Umgebungen standh\u00e4lt. Der mitgelieferte Schlauch ist antistatisch.<br \/>\n&#8211; Gro\u00dfe R\u00e4der erm\u00f6glichen bequemes Bewegen<\/p>\n<p>Technische Daten:<br \/>\nAutomatische Filterreinigung Ja<br \/>\nBeh\u00e4lterkapazit\u00e4t max. (l) 21<br \/>\nLuftdurchsatz max. (l\/min) 3660<br \/>\nSchlammabsaugung Ja<br \/>\nTrockensaugen Ja<br \/>\nWassersaugleistung max. (l) 13.5<br \/>\nWasserabsaugung Ja<br \/>\nStaubklasse L<br \/>\nLeistung (W) 1200<br \/>\nL\u00e4nge des Netzkabels (m) 8<br \/>\nSpannung (V) 230<br \/>\nSchallleistungspegel mit Einfluss LwA (dB) 71<br \/>\nStaubabsauganschluss \u00d8 (mm) 50<br \/>\nGewicht (kg) 13<br \/>\nAbmessungen &#8211; LxBxH (mm) 530x380x500<\/p>\n","protected":false},"excerpt":{"rendered":"<p><strong>Abholung und R\u00fcckgabe der Mietsache:<\/strong><br \/>\nAbholung am ersten Tag der ausgew\u00e4hlten Mietzeit ab 14:00 bis 17:00 Uhr<br \/>\nR\u00fcckgabe bis sp\u00e4testens 17:00 Uhr am letzten Tag der Mietzeit<\/p>\n","protected":false},"featured_media":796,"template":"","meta":[],"product_brand":[],"product_cat":[19,85,21],"product_tag":[],"mwb_booking_people":[],"mwb_booking_cost":[],"mwb_booking_service":[17,77],"class_list":{"0":"post-794","1":"product","2":"type-product","3":"status-publish","4":"has-post-thumbnail","6":"product_cat-booking","7":"product_cat-saugen-reinigen-und-saeubern","8":"product_cat-vermieten","9":"mwb_booking_service-reinigungspauschale-kleingeraet","10":"mwb_booking_service-servicepauschale-klein-ausgabe-ruecknahme-funktionstest","12":"first","13":"instock","14":"virtual","15":"taxable","16":"purchasable","17":"product-type-mwb_booking"},"_links":{"self":[{"href":"https:\/\/mm-mietwerkzeug.de\/index.php?rest_route=\/wp\/v2\/product\/794","targetHints":{"allow":["GET"]}}],"collection":[{"href":"https:\/\/mm-mietwerkzeug.de\/index.php?rest_route=\/wp\/v2\/product"}],"about":[{"href":"https:\/\/mm-mietwerkzeug.de\/index.php?rest_route=\/wp\/v2\/types\/product"}],"wp:featuredmedia":[{"embeddable":true,"href":"https:\/\/mm-mietwerkzeug.de\/index.php?rest_route=\/wp\/v2\/media\/796"}],"wp:attachment":[{"href":"https:\/\/mm-mietwerkzeug.de\/index.php?rest_route=%2Fwp%2Fv2%2Fmedia&parent=794"}],"wp:term":[{"taxonomy":"product_brand","embeddable":true,"href":"https:\/\/mm-mietwerkzeug.de\/index.php?rest_route=%2Fwp%2Fv2%2Fproduct_brand&post=794"},{"taxonomy":"product_cat","embeddable":true,"href":"https:\/\/mm-mietwerkzeug.de\/index.php?rest_route=%2Fwp%2Fv2%2Fproduct_cat&post=794"},{"taxonomy":"product_tag","embeddable":true,"href":"https:\/\/mm-mietwerkzeug.de\/index.php?rest_route=%2Fwp%2Fv2%2Fproduct_tag&post=794"},{"taxonomy":"mwb_booking_people","embeddable":true,"href":"https:\/\/mm-mietwerkzeug.de\/index.php?rest_route=%2Fwp%2Fv2%2Fmwb_booking_people&post=794"},{"taxonomy":"mwb_booking_cost","embeddable":true,"href":"https:\/\/mm-mietwerkzeug.de\/index.php?rest_route=%2Fwp%2Fv2%2Fmwb_booking_cost&post=794"},{"taxonomy":"mwb_booking_service","embeddable":true,"href":"https:\/\/mm-mietwerkzeug.de\/index.php?rest_route=%2Fwp%2Fv2%2Fmwb_booking_service&post=794"}],"curies":[{"name":"wp","href":"https:\/\/api.w.org\/{rel}","templated":true}]}}