{"id":786,"date":"2025-04-04T14:07:08","date_gmt":"2025-04-04T12:07:08","guid":{"rendered":"https:\/\/mm-mietwerkzeug.de\/?post_type=product&#038;p=786"},"modified":"2025-09-27T13:11:08","modified_gmt":"2025-09-27T11:11:08","slug":"flex-vce-44-ac-sicherheitssauger-kl-m","status":"publish","type":"product","link":"https:\/\/mm-mietwerkzeug.de\/?product=flex-vce-44-ac-sicherheitssauger-kl-m","title":{"rendered":"FLEX VCE 44 AC Sicherheitssauger Kl. M"},"content":{"rendered":"<p>&#8211; Sicherheitssauger mit automatischer Filterabreinigung, 42 l, Klasse M<br \/>\n&#8211; Die Hochleistungsturbine sorgt f\u00fcr hohe Saugleistung und hohen Unterdruck. Dadurch entsteht ein hervorragendes Absaugergebnis<br \/>\n&#8211; Flowsensortechnik \u00fcberwacht den Volumenstrom und meldet durch ein optisches und akustisches Signal ein Absinken unter den gesetzlichen Mindestwert von \u2264 20m\/s<br \/>\n&#8211; Die Volumenstromregelung \u00fcber den Drehschalter reduziert ein m\u00f6gliches Vakuum auf der Oberfl\u00e4che bei Lackzwischen- und Feinschliff<br \/>\n&#8211; Technische Details: Leistungsaufnahme 1200 Watt \/ Volumenstrom Sauger 4500 l\/min \/ Beh\u00e4ltervolumen 42 L \/ F\u00fcllmenge Fl\u00fcssigkeit 26 L<\/p>\n<p>Adapterplatte zur Fixierung von L-BOXXEN und Tanos Systainern auf dem Kopf des Saugers<br \/>\nDie Hochleistungsturbine sorgt f\u00fcr hohe Saugleistung und hohen Unterdruck. Dadurch entsteht ein hervorragendes Absaugergebnis<br \/>\nKonstant hohe Saugleistung durch laufendes automatisches Abreinigen des Filters<br \/>\nDer Flachfaltenfilter mit Teflon-\/Nanobeschichtung erm\u00f6glicht eine optimale Nutzung des Beh\u00e4ltervolumens<br \/>\nMit Permanentsteckdose und elektronischer Ein-\/Ausschaltautomatik<br \/>\nFlowsensortechnik \u00fcberwacht den Volumenstrom und meldet durch ein optisches und akustisches Signal ein Absinken unter den gesetzlichen Mindestwert von \u2264 20m\/s<br \/>\nDie Volumenstromregelung \u00fcber den Drehschalter reduziert ein m\u00f6gliches Vakuum auf der Oberfl\u00e4che bei Lackzwischen- und Feinschliff<br \/>\nWahlschalter Saugdurchmesser zur Justierung des optimalen Volumenstroms<br \/>\nF\u00fcr Nassabsaugung: mit elektronischer F\u00fcllstand\u00fcberwachung<br \/>\nAnlaufverz\u00f6gerung vermeidet Spannungsspitzen beim Start und Abschaltverz\u00f6gerung (15 Sekunden Nachlauf) entleert Staubreste im Saugschlauch<br \/>\nDoppelwandiger, stabiler Beh\u00e4lter mit integrierter Griffmulde zum einfachen Entleeren des Beh\u00e4lters<br \/>\nStaubgesch\u00fctzte Antistatik Ausr\u00fcstung verhindert Aufladungen am Saugschlauch<br \/>\nAusgestattet mit gro\u00dfen R\u00e4dern und zwei schwenkaren Lenkrollen aus Metall<br \/>\nSeparater Motorluftk\u00fchlungskanal mit Grobschmutzfilter. Sch\u00fctzt die Turbine vor Zufuhr von<br \/>\nUmgebungsluft und erh\u00f6ht somit die Lebensdauer. (Feinstaubfilter PES als Zubeh\u00f6r erh\u00e4ltlich)<br \/>\nEinfacher Filterwechsel ohne den Saugkopf zu demontieren<br \/>\nMit Schlauchhalterung und Expander zum einfachen, schnellen fixieren des Stromkabels<br \/>\nMit 4 Spann\u00f6sen (2 je Seite) zum Anbringen von Spanngurten und Giraffenhalterung<br \/>\nEmpfehlung: bei abgeschalteter Filterabreinigung mit Filtersack arbeiten, bei laufender Filterabreinigung mit Entsorgungssack arbeiten<br \/>\nSicherheitssauger Klasse M, geeignet f\u00fcr alle St\u00e4ube mit AGW Werten \u2265 0,1 mg\/m\u00b3. Speziell f\u00fcr mineralische St\u00e4ube und Holzst\u00e4ube (auch Buche und Eiche)<br \/>\nTechnische Details<br \/>\nLeistungsaufnahme 1200 W<br \/>\nSpannung 230 V<br \/>\nFrequenz 50\/60 Hz<br \/>\nVolumenstrom Sauger 4500 l\/min<br \/>\nMax. Unterdruck 25000 Pa<br \/>\nFilterfl\u00e4che 5000 cm\u00b2<br \/>\nBeh\u00e4ltervolumen 42 L<br \/>\nF\u00fcllmenge Fl\u00fcssigkeit 26 L<br \/>\nSaugkraftregelung mechanisch<br \/>\nSchlauchl\u00e4nge 4 m<br \/>\nAnzahl der Saugmotoren 1 St\u00fcck<br \/>\nKabell\u00e4nge 7,5 m<br \/>\nAbmessung LxBxH 565 x 385 x 650 mm<br \/>\nGewicht 16,7 kg<\/p>\n","protected":false},"excerpt":{"rendered":"<p><strong>Abholung und R\u00fcckgabe der Mietsache:<\/strong><br \/>\nAbholung am ersten Tag der ausgew\u00e4hlten Mietzeit ab 14:00 bis 17:00 Uhr<br \/>\nR\u00fcckgabe bis sp\u00e4testens 17:00 Uhr am letzten Tag der Mietzeit<\/p>\n","protected":false},"featured_media":789,"template":"","meta":[],"product_brand":[],"product_cat":[19,85,21],"product_tag":[],"mwb_booking_people":[],"mwb_booking_cost":[],"mwb_booking_service":[17,77],"class_list":{"0":"post-786","1":"product","2":"type-product","3":"status-publish","4":"has-post-thumbnail","6":"product_cat-booking","7":"product_cat-saugen-reinigen-und-saeubern","8":"product_cat-vermieten","9":"mwb_booking_service-reinigungspauschale-kleingeraet","10":"mwb_booking_service-servicepauschale-klein-ausgabe-ruecknahme-funktionstest","12":"first","13":"instock","14":"virtual","15":"taxable","16":"purchasable","17":"product-type-mwb_booking"},"_links":{"self":[{"href":"https:\/\/mm-mietwerkzeug.de\/index.php?rest_route=\/wp\/v2\/product\/786","targetHints":{"allow":["GET"]}}],"collection":[{"href":"https:\/\/mm-mietwerkzeug.de\/index.php?rest_route=\/wp\/v2\/product"}],"about":[{"href":"https:\/\/mm-mietwerkzeug.de\/index.php?rest_route=\/wp\/v2\/types\/product"}],"wp:featuredmedia":[{"embeddable":true,"href":"https:\/\/mm-mietwerkzeug.de\/index.php?rest_route=\/wp\/v2\/media\/789"}],"wp:attachment":[{"href":"https:\/\/mm-mietwerkzeug.de\/index.php?rest_route=%2Fwp%2Fv2%2Fmedia&parent=786"}],"wp:term":[{"taxonomy":"product_brand","embeddable":true,"href":"https:\/\/mm-mietwerkzeug.de\/index.php?rest_route=%2Fwp%2Fv2%2Fproduct_brand&post=786"},{"taxonomy":"product_cat","embeddable":true,"href":"https:\/\/mm-mietwerkzeug.de\/index.php?rest_route=%2Fwp%2Fv2%2Fproduct_cat&post=786"},{"taxonomy":"product_tag","embeddable":true,"href":"https:\/\/mm-mietwerkzeug.de\/index.php?rest_route=%2Fwp%2Fv2%2Fproduct_tag&post=786"},{"taxonomy":"mwb_booking_people","embeddable":true,"href":"https:\/\/mm-mietwerkzeug.de\/index.php?rest_route=%2Fwp%2Fv2%2Fmwb_booking_people&post=786"},{"taxonomy":"mwb_booking_cost","embeddable":true,"href":"https:\/\/mm-mietwerkzeug.de\/index.php?rest_route=%2Fwp%2Fv2%2Fmwb_booking_cost&post=786"},{"taxonomy":"mwb_booking_service","embeddable":true,"href":"https:\/\/mm-mietwerkzeug.de\/index.php?rest_route=%2Fwp%2Fv2%2Fmwb_booking_service&post=786"}],"curies":[{"name":"wp","href":"https:\/\/api.w.org\/{rel}","templated":true}]}}