{"id":782,"date":"2025-04-04T13:13:19","date_gmt":"2025-04-04T11:13:19","guid":{"rendered":"https:\/\/mm-mietwerkzeug.de\/?post_type=product&#038;p=782"},"modified":"2025-04-04T13:13:20","modified_gmt":"2025-04-04T11:13:20","slug":"bosch-gks-85-kreissaege","status":"publish","type":"product","link":"https:\/\/mm-mietwerkzeug.de\/?product=bosch-gks-85-kreissaege","title":{"rendered":"BOSCH GKS 85 Kreiss\u00e4ge"},"content":{"rendered":"<p>&#8211; Hochleistungs-Kreiss\u00e4ge: f\u00fcr anspruchsvolle Arbeiten und Schnitte bis 85 mm<br \/>\n&#8211; Hochleistungsmotor mit 2.200 W f\u00fcr Schnitte bis 85 mm<br \/>\n&#8211; Solide und robust f\u00fcr anspruchsvolle Situationen dank Stahlfu\u00dfplatte und Pendelschutzhaube aus Aluminiumdruckguss<br \/>\n&#8211; Optimierter Spanabweiser und Turbogebl\u00e4se f\u00fcr eine konstant bessere Sicht auf die Anrisslinie<\/p>\n","protected":false},"excerpt":{"rendered":"<p>&#8211; Hochleistungs-Kreiss\u00e4ge: f\u00fcr anspruchsvolle Arbeiten und Schnitte bis 85 mm &#8211; Hochleistungsmotor mit 2.200 W f\u00fcr Schnitte bis 85 mm &#8211; Solide und robust f\u00fcr anspruchsvolle Situationen dank Stahlfu\u00dfplatte und Pendelschutzhaube aus Aluminiumdruckguss &#8211; Optimierter Spanabweiser und Turbogebl\u00e4se f\u00fcr eine konstant bessere Sicht auf die Anrisslinie<\/p>\n","protected":false},"featured_media":784,"template":"","meta":[],"product_brand":[],"product_cat":[19,24,21],"product_tag":[],"mwb_booking_people":[],"mwb_booking_cost":[],"mwb_booking_service":[17,77],"class_list":{"0":"post-782","1":"product","2":"type-product","3":"status-publish","4":"has-post-thumbnail","6":"product_cat-booking","7":"product_cat-saegen-trennen-schleifen","8":"product_cat-vermieten","9":"mwb_booking_service-reinigungspauschale-kleingeraet","10":"mwb_booking_service-servicepauschale-klein-ausgabe-ruecknahme-funktionstest","12":"first","13":"instock","14":"virtual","15":"taxable","16":"purchasable","17":"product-type-mwb_booking"},"_links":{"self":[{"href":"https:\/\/mm-mietwerkzeug.de\/index.php?rest_route=\/wp\/v2\/product\/782","targetHints":{"allow":["GET"]}}],"collection":[{"href":"https:\/\/mm-mietwerkzeug.de\/index.php?rest_route=\/wp\/v2\/product"}],"about":[{"href":"https:\/\/mm-mietwerkzeug.de\/index.php?rest_route=\/wp\/v2\/types\/product"}],"wp:featuredmedia":[{"embeddable":true,"href":"https:\/\/mm-mietwerkzeug.de\/index.php?rest_route=\/wp\/v2\/media\/784"}],"wp:attachment":[{"href":"https:\/\/mm-mietwerkzeug.de\/index.php?rest_route=%2Fwp%2Fv2%2Fmedia&parent=782"}],"wp:term":[{"taxonomy":"product_brand","embeddable":true,"href":"https:\/\/mm-mietwerkzeug.de\/index.php?rest_route=%2Fwp%2Fv2%2Fproduct_brand&post=782"},{"taxonomy":"product_cat","embeddable":true,"href":"https:\/\/mm-mietwerkzeug.de\/index.php?rest_route=%2Fwp%2Fv2%2Fproduct_cat&post=782"},{"taxonomy":"product_tag","embeddable":true,"href":"https:\/\/mm-mietwerkzeug.de\/index.php?rest_route=%2Fwp%2Fv2%2Fproduct_tag&post=782"},{"taxonomy":"mwb_booking_people","embeddable":true,"href":"https:\/\/mm-mietwerkzeug.de\/index.php?rest_route=%2Fwp%2Fv2%2Fmwb_booking_people&post=782"},{"taxonomy":"mwb_booking_cost","embeddable":true,"href":"https:\/\/mm-mietwerkzeug.de\/index.php?rest_route=%2Fwp%2Fv2%2Fmwb_booking_cost&post=782"},{"taxonomy":"mwb_booking_service","embeddable":true,"href":"https:\/\/mm-mietwerkzeug.de\/index.php?rest_route=%2Fwp%2Fv2%2Fmwb_booking_service&post=782"}],"curies":[{"name":"wp","href":"https:\/\/api.w.org\/{rel}","templated":true}]}}