{"id":778,"date":"2025-04-04T13:03:49","date_gmt":"2025-04-04T11:03:49","guid":{"rendered":"https:\/\/mm-mietwerkzeug.de\/?post_type=product&#038;p=778"},"modified":"2025-09-27T13:11:15","modified_gmt":"2025-09-27T11:11:15","slug":"stihl-fsa-45-akku-freischneider","status":"publish","type":"product","link":"https:\/\/mm-mietwerkzeug.de\/?product=stihl-fsa-45-akku-freischneider","title":{"rendered":"STIHL FSA 45 &#8211; Akku-Freischneider"},"content":{"rendered":"<p>Akku-Laufzeit mit M\u00e4hfaden ca. 30 Minuten<\/p>\n<p>Die Akku-Motorsense STIHL FSA 45 ist als Einsteiger-Modell ideal f\u00fcr Trimm- und Ausputzarbeiten im heimischen Garten und rund ums Haus geeignet. Der Rasentrimmer besitzt einen fest integrierten Lithium-Ionen-Akku, dessen Ladezustand Sie direkt am Ger\u00e4t ablesen k\u00f6nnen. Der Ladezustand wird Ihnen mit Hilfe mehrerer LEDs angezeigt. \u00dcber das mitgelieferte Kabel k\u00f6nnen Sie den Akku bei Bedarf laden. Der Elektro-Motor arbeitet so leise, dass Sie keinen Geh\u00f6rschutz tragen m\u00fcssen. Dadurch ist diese Motorsense auch bestens f\u00fcr den Einsatz in l\u00e4rmsensiblen Bereichen geeignet.<\/p>\n<p>Mit einem Gewicht von nur 2,3 kg ist die akkubetriebene Motorsense STIHL FSA 45 besonders leicht und sehr komfortabel. Der Teleskop-Schaft und der B\u00fcgelgriff sind werkzeuglos einstellbar. So k\u00f6nnen Sie insbesondere Ihren R\u00fccken bei der Arbeit schonen. Der Arbeitswinkel der M\u00e4heinheit kann m\u00fchelos justiert werden, wenn Sie beispielsweise vertikal Kanten schneiden m\u00f6chten. Dank des hoch- und herunterklappbaren Abstandsb\u00fcgel k\u00f6nnen Sie sicherstellen, dass Sie rund um B\u00e4ume und Pflanzen sowie bei Gegenst\u00e4nden schonend und pr\u00e4zise trimmen k\u00f6nnen. Der Softgriff liegt gut in der Hand und erm\u00f6glicht es Ihnen durch den Schalthebel und die Schalthebelsperre, den Akku-Rasentrimmer stets zuverl\u00e4ssig und sicher zu steuern. Durch die Einh\u00e4nge\u00f6se k\u00f6nnen Sie die Motorsense platzsparend aufbewahren.<\/p>\n<p>In unserer \u00dcbersicht zu den STIHL Akku-Lauf- und Ladezeiten k\u00f6nnen Sie sehen, wie lange Sie mit Ihrer Akku-Motorsense STIHL FSA 45 arbeiten k\u00f6nnen und wie lange der eingesetzte Akku zum Laden ben\u00f6tigt.<\/p>\n<p>Die Motorsense STIHL FSA 45 ist mit einem Aktivierungsschl\u00fcssel ausgestattet. Dieser muss zum Betrieb in die Schl\u00fcsselaufnahme gesteckt werden. F\u00fcr den Transport, die Wartung, Reparatur und Lagerung ist dieser zur Sicherheit abzuziehen. Bewahren Sie den Aktivierungsschl\u00fcssel au\u00dferhalb der Reichweite von Kindern auf. Weitere Informationen k\u00f6nnen Sie der Gebrauchsanleitung entnehmen.<\/p>\n","protected":false},"excerpt":{"rendered":"<p><strong>Abholung und R\u00fcckgabe der Mietsache:<\/strong><br \/>\nAbholung am ersten Tag der ausgew\u00e4hlten Mietzeit ab 14:00 bis 17:00 Uhr<br \/>\nR\u00fcckgabe bis sp\u00e4testens 17:00 Uhr am letzten Tag der Mietzeit<\/p>\n","protected":false},"featured_media":780,"template":"","meta":[],"product_brand":[],"product_cat":[19,84,21],"product_tag":[],"mwb_booking_people":[],"mwb_booking_cost":[],"mwb_booking_service":[17,77],"class_list":{"0":"post-778","1":"product","2":"type-product","3":"status-publish","4":"has-post-thumbnail","6":"product_cat-booking","7":"product_cat-garten-und-landschaftsbau","8":"product_cat-vermieten","9":"mwb_booking_service-reinigungspauschale-kleingeraet","10":"mwb_booking_service-servicepauschale-klein-ausgabe-ruecknahme-funktionstest","12":"first","13":"outofstock","14":"virtual","15":"taxable","16":"purchasable","17":"product-type-mwb_booking"},"_links":{"self":[{"href":"https:\/\/mm-mietwerkzeug.de\/index.php?rest_route=\/wp\/v2\/product\/778","targetHints":{"allow":["GET"]}}],"collection":[{"href":"https:\/\/mm-mietwerkzeug.de\/index.php?rest_route=\/wp\/v2\/product"}],"about":[{"href":"https:\/\/mm-mietwerkzeug.de\/index.php?rest_route=\/wp\/v2\/types\/product"}],"wp:featuredmedia":[{"embeddable":true,"href":"https:\/\/mm-mietwerkzeug.de\/index.php?rest_route=\/wp\/v2\/media\/780"}],"wp:attachment":[{"href":"https:\/\/mm-mietwerkzeug.de\/index.php?rest_route=%2Fwp%2Fv2%2Fmedia&parent=778"}],"wp:term":[{"taxonomy":"product_brand","embeddable":true,"href":"https:\/\/mm-mietwerkzeug.de\/index.php?rest_route=%2Fwp%2Fv2%2Fproduct_brand&post=778"},{"taxonomy":"product_cat","embeddable":true,"href":"https:\/\/mm-mietwerkzeug.de\/index.php?rest_route=%2Fwp%2Fv2%2Fproduct_cat&post=778"},{"taxonomy":"product_tag","embeddable":true,"href":"https:\/\/mm-mietwerkzeug.de\/index.php?rest_route=%2Fwp%2Fv2%2Fproduct_tag&post=778"},{"taxonomy":"mwb_booking_people","embeddable":true,"href":"https:\/\/mm-mietwerkzeug.de\/index.php?rest_route=%2Fwp%2Fv2%2Fmwb_booking_people&post=778"},{"taxonomy":"mwb_booking_cost","embeddable":true,"href":"https:\/\/mm-mietwerkzeug.de\/index.php?rest_route=%2Fwp%2Fv2%2Fmwb_booking_cost&post=778"},{"taxonomy":"mwb_booking_service","embeddable":true,"href":"https:\/\/mm-mietwerkzeug.de\/index.php?rest_route=%2Fwp%2Fv2%2Fmwb_booking_service&post=778"}],"curies":[{"name":"wp","href":"https:\/\/api.w.org\/{rel}","templated":true}]}}