{"id":774,"date":"2025-04-04T12:52:32","date_gmt":"2025-04-04T10:52:32","guid":{"rendered":"https:\/\/mm-mietwerkzeug.de\/?post_type=product&#038;p=774"},"modified":"2025-09-27T13:11:42","modified_gmt":"2025-09-27T11:11:42","slug":"viking-me-443-c-rasenmaeher-elektrisch","status":"publish","type":"product","link":"https:\/\/mm-mietwerkzeug.de\/?product=viking-me-443-c-rasenmaeher-elektrisch","title":{"rendered":"VIKING ME 443 C Rasenm\u00e4her &#8211; elektrisch"},"content":{"rendered":"<p>Der kompakte Elektro-Rasenm\u00e4her ME 443 C ist wendig und sehr einfach zu bedienen. Es zeichnet sich durch eine hervorragende Qualit\u00e4t beim Schneiden und Aufsammeln von Gras aus. Mit einer Schnittbreite von 41 cm ist der Rasenm\u00e4her ideal f\u00fcr ein Gartenhaus oder Landhaus mit einer kleinen bis mittelgro\u00dfen Rasenfl\u00e4che von bis zu 600 m2. Zentrale 6-stufige Schnitth\u00f6henverstellung und 55 Liter klappbarer Grasfangkorb. Der ME 443 C ist mit einem komfortablen, verstellbaren, einseitigen Griff ausgestattet, der das Entleeren des Grasfangkorbs noch komfortabler macht<\/p>\n<p>Besonderheiten<br \/>\nSchnellverschl\u00fcsse<br \/>\nDer h\u00f6henverstellbare Griff l\u00e4sst sich schnell und ohne Werkzeug zusammenklappen.<\/p>\n<p>Integrierte Kabelzugentlastung<br \/>\nDie integrierte Zugentlastung h\u00e4lt das Verl\u00e4ngerungskabel sicher an der Schalter- und Steckdosenleiste des VIKING Elektro-Rasenm\u00e4hers.<\/p>\n<p>Integrierte F\u00fcllstandsanzeige<br \/>\nAlle VIKING Heckauswurfm\u00e4her sind mit einem Grasfangkorb mit integrierter F\u00fcllstandsanzeige ausgestattet. Sobald die Anzeige sinkt, ist es Zeit, den Grasfangkorb zu leeren.<\/p>\n<p>Polymerk\u00f6rper<br \/>\nDie Geh\u00e4use der VIKING Rasenm\u00e4her und Vertikutierer bestehen aus hochwertigem, schlagfestem, hitze- und UV-best\u00e4ndigem Polymer.<\/p>\n<p>Messer mit Klappen<br \/>\nDas Messer erzeugt im aerodynamischen Geh\u00e4use einen starken Luftstrom, der das Gras vor dem M\u00e4hen anhebt und durch das eingebaute Luftkanalsystem in den Grasfangkorb bl\u00e4st. Ein sch\u00f6n geschnittener und sauberer Rasen ist garantiert.<\/p>\n<p>Zentrale Schnitth\u00f6henverstellung<br \/>\nDie Schnitth\u00f6he l\u00e4sst sich \u00fcber einen Federgriff in sechs Stufen von 25 bis 75 mm einstellen und wird auf einer speziellen Skala angezeigt.<\/p>\n<p>Tragegriffe<br \/>\nDer Korpus verf\u00fcgt \u00fcber zwei integrierte Tragegriffe. Sie erm\u00f6glichen ein schnelles Entladen und Kippen des Rasenm\u00e4hers. K\u00f6nnen als Befestigungs\u00f6sen verwendet werden.<\/p>\n<p>Innovativer Grasfangkorb<br \/>\nDank der nach unten gerichteten L\u00fcftungsschlitze und der geschlossenen Grasfangkorbabdeckung fliegen das Schnittgut und der Staub nicht nach oben. Die eingebaute Anzeige \u201eGrasfangkorb voll\u201c zeigt Ihnen an, wann es Zeit ist, ihn zu leeren. Der zweiteilige Grasfangkorb erm\u00f6glicht ein einfaches \u00d6ffnen und Entleeren.<\/p>\n<p>Mulchfunktion<br \/>\nWenn Sie den Grasfangkorb entfernen und einen Mulchkeil einsetzen, arbeitet der M\u00e4her im Mulchmodus. Dabei wird das gem\u00e4hte Gras fein geh\u00e4ckselt und gleichm\u00e4\u00dfig auf der Rasenfl\u00e4che verteilt \u2013 ein Wegwerfen ist nicht n\u00f6tig. Dies spart Zeit und gleichzeitig erh\u00e4lt der Rasen Feuchtigkeit und N\u00e4hrstoffe.<\/p>\n<p>Multifunktionsmesser<br \/>\nDank des Multifunktionsmessers mit spezieller Form wird das Gras stufenweise geschnitten und im Geh\u00e4use in kleine Partikel zerkleinert. Mit montiertem Grasfangkorb f\u00e4ngt der VIKING Multifunktionsm\u00e4her das Gras auf, mit montiertem Mulcheinsatz wird die Auswurf\u00f6ffnung geschlossen und die feinen Graspartikel fallen zur\u00fcck auf den Rasen.<\/p>\n<p>Technische Daten<br \/>\nRasenfl\u00e4che, m\u00b2 bis zu 600<br \/>\nM\u00e4hbreite, cm 41<br \/>\nNennleistung, W 1.500<br \/>\nSchnitth\u00f6he, mm 25-75<br \/>\nGrasfangkorbvolumen, L 55<br \/>\nGewicht kg 20<br \/>\nGarantierter Schallleistungspegel LwAdB(A) 96<br \/>\nGemessener Schalldruckpegel LpAdB(A) 82<br \/>\nFehlerkoeffizient KpAdB(A) 2<br \/>\nVibrationspegel a hwm\/s 2 1.4<br \/>\nVibration, Fehlerkoeffizient, m\/s 2 0,65<\/p>\n","protected":false},"excerpt":{"rendered":"<p><strong>Abholung und R\u00fcckgabe der Mietsache:<\/strong><br \/>\nAbholung am ersten Tag der ausgew\u00e4hlten Mietzeit ab 14:00 bis 17:00 Uhr<br \/>\nR\u00fcckgabe bis sp\u00e4testens 17:00 Uhr am letzten Tag der Mietzeit<\/p>\n","protected":false},"featured_media":775,"template":"","meta":[],"product_brand":[],"product_cat":[19,84,21],"product_tag":[],"mwb_booking_people":[],"mwb_booking_cost":[],"mwb_booking_service":[17,77],"class_list":{"0":"post-774","1":"product","2":"type-product","3":"status-publish","4":"has-post-thumbnail","6":"product_cat-booking","7":"product_cat-garten-und-landschaftsbau","8":"product_cat-vermieten","9":"mwb_booking_service-reinigungspauschale-kleingeraet","10":"mwb_booking_service-servicepauschale-klein-ausgabe-ruecknahme-funktionstest","12":"first","13":"instock","14":"virtual","15":"taxable","16":"purchasable","17":"product-type-mwb_booking"},"_links":{"self":[{"href":"https:\/\/mm-mietwerkzeug.de\/index.php?rest_route=\/wp\/v2\/product\/774","targetHints":{"allow":["GET"]}}],"collection":[{"href":"https:\/\/mm-mietwerkzeug.de\/index.php?rest_route=\/wp\/v2\/product"}],"about":[{"href":"https:\/\/mm-mietwerkzeug.de\/index.php?rest_route=\/wp\/v2\/types\/product"}],"wp:featuredmedia":[{"embeddable":true,"href":"https:\/\/mm-mietwerkzeug.de\/index.php?rest_route=\/wp\/v2\/media\/775"}],"wp:attachment":[{"href":"https:\/\/mm-mietwerkzeug.de\/index.php?rest_route=%2Fwp%2Fv2%2Fmedia&parent=774"}],"wp:term":[{"taxonomy":"product_brand","embeddable":true,"href":"https:\/\/mm-mietwerkzeug.de\/index.php?rest_route=%2Fwp%2Fv2%2Fproduct_brand&post=774"},{"taxonomy":"product_cat","embeddable":true,"href":"https:\/\/mm-mietwerkzeug.de\/index.php?rest_route=%2Fwp%2Fv2%2Fproduct_cat&post=774"},{"taxonomy":"product_tag","embeddable":true,"href":"https:\/\/mm-mietwerkzeug.de\/index.php?rest_route=%2Fwp%2Fv2%2Fproduct_tag&post=774"},{"taxonomy":"mwb_booking_people","embeddable":true,"href":"https:\/\/mm-mietwerkzeug.de\/index.php?rest_route=%2Fwp%2Fv2%2Fmwb_booking_people&post=774"},{"taxonomy":"mwb_booking_cost","embeddable":true,"href":"https:\/\/mm-mietwerkzeug.de\/index.php?rest_route=%2Fwp%2Fv2%2Fmwb_booking_cost&post=774"},{"taxonomy":"mwb_booking_service","embeddable":true,"href":"https:\/\/mm-mietwerkzeug.de\/index.php?rest_route=%2Fwp%2Fv2%2Fmwb_booking_service&post=774"}],"curies":[{"name":"wp","href":"https:\/\/api.w.org\/{rel}","templated":true}]}}