{"id":771,"date":"2025-04-04T12:50:38","date_gmt":"2025-04-04T10:50:38","guid":{"rendered":"https:\/\/mm-mietwerkzeug.de\/?post_type=product&#038;p=771"},"modified":"2025-09-27T13:11:37","modified_gmt":"2025-09-27T11:11:37","slug":"viking-me-339-c-rasenmaeher-elektrisch","status":"publish","type":"product","link":"https:\/\/mm-mietwerkzeug.de\/?product=viking-me-339-c-rasenmaeher-elektrisch","title":{"rendered":"VIKING ME 339 C Rasenm\u00e4her &#8211; elektrisch"},"content":{"rendered":"<p>Der Elektro-Rasenm\u00e4her ME 339 C ist wendig und leicht zu bedienen und verf\u00fcgt \u00fcber eine Leistung von 1200 W. Mit einer Schnittbreite von 37 cm ist er eine ausgezeichnete Wahl f\u00fcr Ferienh\u00e4user mit kleinen und mittelgro\u00dfen Grundst\u00fccken bis 500 m\u00b2. Zentrale 5-stufige Schnitth\u00f6henverstellung und 40 Liter klappbarer Grasfangkorb. Der ME 339 C ist mit einem komfortablen, verstellbaren, einseitigen Griff ausgestattet, der das Entleeren des Grasfangkorbs noch komfortabler macht.<\/p>\n<p>Besonderheiten<br \/>\nH\u00f6henverstellbarer Griff<br \/>\nRichtige Einstellung f\u00fcr komfortables Arbeiten: Der Bediengriff l\u00e4sst sich einfach und schnell an Ihre K\u00f6rpergr\u00f6\u00dfe anpassen. Durch die H\u00f6henver\u00e4nderung wird weder die Stabilit\u00e4t des Rasenm\u00e4hers noch seine Steuerbarkeit beeintr\u00e4chtigt.<\/p>\n<p>Mono-Griff<br \/>\nDer Vorteil des einseitigen Griffs besteht darin, dass sich der Grasfangkorb noch einfacher abnehmen und anbringen l\u00e4sst.<\/p>\n<p>Polymerk\u00f6rper<br \/>\nDie Geh\u00e4use der VIKING Rasenm\u00e4her und Vertikutierer bestehen aus hochwertigem, schlagfestem, hitze- und UV-best\u00e4ndigem Polymer.<\/p>\n<p>Tragegriff<br \/>\nDer Korpus verf\u00fcgt \u00fcber zwei integrierte Tragegriffe. Sie erm\u00f6glichen ein schnelles Entladen und Drehen des Rasenm\u00e4hers auf die Seite.<\/p>\n<p>Zentralisierte Schnitth\u00f6heneinstellung<br \/>\nF\u00fcnfgang<\/p>\n<p>Integrierte Kabelzugentlastung<br \/>\nDie integrierte Zugentlastung fixiert das Verl\u00e4ngerungskabel sicher an der Schalter- und Steckdosenleiste des VIKING Elektrom\u00e4hers.<\/p>\n<p>Doppelt gelagerte R\u00e4der<br \/>\nR\u00e4der mit Doppellagern sind \u00e4u\u00dferst zuverl\u00e4ssig und langlebig. Die Antriebsr\u00e4der sind mit Reifen ausgestattet, deren Profil f\u00fcr gute Traktion und Spurtreue sorgt.<\/p>\n<p>Innovativer Grasfangkorb<br \/>\nDank der nach unten gerichteten L\u00fcftungsschlitze und der geschlossenen Grasfangkorbabdeckung fliegen das Schnittgut und der Staub nicht nach oben. Die eingebaute Anzeige \u201eGrasfangkorb voll\u201c zeigt Ihnen an, wann es Zeit ist, ihn zu leeren. Der zweiteilige Grasfangkorb erm\u00f6glicht ein einfaches \u00d6ffnen und Entleeren.<\/p>\n<p>Integrierte F\u00fcllstandsanzeige<br \/>\nAlle VIKING Heckauswurfm\u00e4her sind mit einem Grasfangkorb mit integrierter F\u00fcllstandsanzeige ausgestattet. Sobald die Anzeige sinkt, ist es Zeit, den Grasfangkorb zu leeren.<\/p>\n<p>Messer mit Klappen<br \/>\nDas Messer erzeugt im aerodynamischen Geh\u00e4use einen starken Luftstrom, der das Gras vor dem M\u00e4hen anhebt und durch das eingebaute Luftkanalsystem in den Grasfangkorb bl\u00e4st. Ein sch\u00f6n geschnittener und sauberer Rasen ist garantiert.<\/p>\n<p>Technische Daten<br \/>\nRasenfl\u00e4che, m\u00b2 bis zu 500<br \/>\nM\u00e4hbreite, cm 37<br \/>\nNennleistung, W 1.200<br \/>\nSchnitth\u00f6he, mm 30-70<br \/>\nGrasfangkorbvolumen, L 40<br \/>\nGewicht kg 15<br \/>\nGarantierter Schallleistungspegel LwA, dB(A) 93<br \/>\nGemessener Schalldruckpegel LpA, dB(A) 79<br \/>\nFehlerkoeffizient KpA, B(A) 1<br \/>\nVibrationspegel ahw, m\/ s2 0,5<br \/>\nVibration, Fehlerkoeffizient, m\/s 2 0,25<\/p>\n","protected":false},"excerpt":{"rendered":"<p><strong>Abholung und R\u00fcckgabe der Mietsache:<\/strong><br \/>\nAbholung am ersten Tag der ausgew\u00e4hlten Mietzeit ab 14:00 bis 17:00 Uhr<br \/>\nR\u00fcckgabe bis sp\u00e4testens 17:00 Uhr am letzten Tag der Mietzeit<\/p>\n","protected":false},"featured_media":773,"template":"","meta":[],"product_brand":[],"product_cat":[19,84,21],"product_tag":[],"mwb_booking_people":[],"mwb_booking_cost":[],"mwb_booking_service":[17,77],"class_list":{"0":"post-771","1":"product","2":"type-product","3":"status-publish","4":"has-post-thumbnail","6":"product_cat-booking","7":"product_cat-garten-und-landschaftsbau","8":"product_cat-vermieten","9":"mwb_booking_service-reinigungspauschale-kleingeraet","10":"mwb_booking_service-servicepauschale-klein-ausgabe-ruecknahme-funktionstest","12":"first","13":"instock","14":"virtual","15":"taxable","16":"purchasable","17":"product-type-mwb_booking"},"_links":{"self":[{"href":"https:\/\/mm-mietwerkzeug.de\/index.php?rest_route=\/wp\/v2\/product\/771","targetHints":{"allow":["GET"]}}],"collection":[{"href":"https:\/\/mm-mietwerkzeug.de\/index.php?rest_route=\/wp\/v2\/product"}],"about":[{"href":"https:\/\/mm-mietwerkzeug.de\/index.php?rest_route=\/wp\/v2\/types\/product"}],"wp:featuredmedia":[{"embeddable":true,"href":"https:\/\/mm-mietwerkzeug.de\/index.php?rest_route=\/wp\/v2\/media\/773"}],"wp:attachment":[{"href":"https:\/\/mm-mietwerkzeug.de\/index.php?rest_route=%2Fwp%2Fv2%2Fmedia&parent=771"}],"wp:term":[{"taxonomy":"product_brand","embeddable":true,"href":"https:\/\/mm-mietwerkzeug.de\/index.php?rest_route=%2Fwp%2Fv2%2Fproduct_brand&post=771"},{"taxonomy":"product_cat","embeddable":true,"href":"https:\/\/mm-mietwerkzeug.de\/index.php?rest_route=%2Fwp%2Fv2%2Fproduct_cat&post=771"},{"taxonomy":"product_tag","embeddable":true,"href":"https:\/\/mm-mietwerkzeug.de\/index.php?rest_route=%2Fwp%2Fv2%2Fproduct_tag&post=771"},{"taxonomy":"mwb_booking_people","embeddable":true,"href":"https:\/\/mm-mietwerkzeug.de\/index.php?rest_route=%2Fwp%2Fv2%2Fmwb_booking_people&post=771"},{"taxonomy":"mwb_booking_cost","embeddable":true,"href":"https:\/\/mm-mietwerkzeug.de\/index.php?rest_route=%2Fwp%2Fv2%2Fmwb_booking_cost&post=771"},{"taxonomy":"mwb_booking_service","embeddable":true,"href":"https:\/\/mm-mietwerkzeug.de\/index.php?rest_route=%2Fwp%2Fv2%2Fmwb_booking_service&post=771"}],"curies":[{"name":"wp","href":"https:\/\/api.w.org\/{rel}","templated":true}]}}