{"id":141,"date":"2025-03-15T13:39:37","date_gmt":"2025-03-15T12:39:37","guid":{"rendered":"https:\/\/mm-mietwerkzeug.de\/?post_type=product&#038;p=141"},"modified":"2025-11-14T13:40:22","modified_gmt":"2025-11-14T12:40:22","slug":"wacker-neuson-bps-2050b-94kg-ruettelplatte","status":"publish","type":"product","link":"https:\/\/mm-mietwerkzeug.de\/?product=wacker-neuson-bps-2050b-94kg-ruettelplatte","title":{"rendered":"Wacker Neuson BPS 2050B 94kg R\u00fcttelplatte"},"content":{"rendered":"<h1>Wacker Neuson BPS 2050B Vibrationsplatte<\/h1>\n<p>Die BPS-Reihe zeichnet sich durch ihre hervorragenden Fahreigenschaften aus. Das Bewegen und Drehen dieser Vibrationsplatten auf Boden und frischem Asphalt ist \u00e4u\u00dferst komfortabel und hinterl\u00e4sst keine Abdr\u00fccke. Auch saubere Abschl\u00fcsse an Bordsteinkanten sind aufgrund des eckigen Seitenprofils der Grundplatte leicht hergestellt. Der F\u00fchrungsb\u00fcgel spricht auf Lenkbewegungen klar an und erzielt dennoch niedrige Hand-Arm-Vibrationen von weniger als 5 m\/s\u00b2, was ein langes und komfortables Arbeiten bis zu 8 Stunden erm\u00f6glicht.<\/p>\n<p>Zentrifugalkraft: 20kN<br \/>\nFl\u00e4chenleistung: 750 m\u00b2\/h<br \/>\nVorlauf: 25m\/min<br \/>\nSteigf\u00e4higkeit: 36,4%<br \/>\nL\u00e4nge Grundplatte: 599 mm<br \/>\nBreite: 500 mm<br \/>\nBreite Grundplatte: 500 mm<br \/>\nH\u00f6he: 663 mm<br \/>\nH\u00f6he Schutzrahmen: 633 mm<br \/>\nDicke Grundplatte: 9 mm<br \/>\nBetriebsgewicht: 94,1 kg<br \/>\nUnterfahrh\u00f6he: 663 mm<br \/>\nNennleistung: 3,6kW<br \/>\nNenndrehzahl: 3.600 1\/min<br \/>\nHAV-Summenpegel (gemessener Wert): 4,1m\/s2<br \/>\nHAV-Summenpegel (Norm): EN 500-4<\/p>\n","protected":false},"excerpt":{"rendered":"<p><strong>Abholung und R\u00fcckgabe der Mietsache:<\/strong><br \/>\nAbholung am ersten Tag der ausgew\u00e4hlten Mietzeit ab 14:00 bis 17:00 Uhr<br \/>\nR\u00fcckgabe bis sp\u00e4testens 17:00 Uhr am letzten Tag der Mietzeit<\/p>\n","protected":false},"featured_media":142,"template":"","meta":[],"product_brand":[],"product_cat":[19,41,21],"product_tag":[],"mwb_booking_people":[],"mwb_booking_cost":[],"mwb_booking_service":[17,77,125],"class_list":{"0":"post-141","1":"product","2":"type-product","3":"status-publish","4":"has-post-thumbnail","6":"product_cat-booking","7":"product_cat-verdichten","8":"product_cat-vermieten","9":"mwb_booking_service-reinigungspauschale-kleingeraet","10":"mwb_booking_service-servicepauschale-klein-ausgabe-ruecknahme-funktionstest","11":"mwb_booking_service-tankfuellung-benzin-e10-ruettelplatte","13":"first","14":"instock","15":"virtual","16":"taxable","17":"purchasable","18":"product-type-mwb_booking"},"_links":{"self":[{"href":"https:\/\/mm-mietwerkzeug.de\/index.php?rest_route=\/wp\/v2\/product\/141","targetHints":{"allow":["GET"]}}],"collection":[{"href":"https:\/\/mm-mietwerkzeug.de\/index.php?rest_route=\/wp\/v2\/product"}],"about":[{"href":"https:\/\/mm-mietwerkzeug.de\/index.php?rest_route=\/wp\/v2\/types\/product"}],"wp:featuredmedia":[{"embeddable":true,"href":"https:\/\/mm-mietwerkzeug.de\/index.php?rest_route=\/wp\/v2\/media\/142"}],"wp:attachment":[{"href":"https:\/\/mm-mietwerkzeug.de\/index.php?rest_route=%2Fwp%2Fv2%2Fmedia&parent=141"}],"wp:term":[{"taxonomy":"product_brand","embeddable":true,"href":"https:\/\/mm-mietwerkzeug.de\/index.php?rest_route=%2Fwp%2Fv2%2Fproduct_brand&post=141"},{"taxonomy":"product_cat","embeddable":true,"href":"https:\/\/mm-mietwerkzeug.de\/index.php?rest_route=%2Fwp%2Fv2%2Fproduct_cat&post=141"},{"taxonomy":"product_tag","embeddable":true,"href":"https:\/\/mm-mietwerkzeug.de\/index.php?rest_route=%2Fwp%2Fv2%2Fproduct_tag&post=141"},{"taxonomy":"mwb_booking_people","embeddable":true,"href":"https:\/\/mm-mietwerkzeug.de\/index.php?rest_route=%2Fwp%2Fv2%2Fmwb_booking_people&post=141"},{"taxonomy":"mwb_booking_cost","embeddable":true,"href":"https:\/\/mm-mietwerkzeug.de\/index.php?rest_route=%2Fwp%2Fv2%2Fmwb_booking_cost&post=141"},{"taxonomy":"mwb_booking_service","embeddable":true,"href":"https:\/\/mm-mietwerkzeug.de\/index.php?rest_route=%2Fwp%2Fv2%2Fmwb_booking_service&post=141"}],"curies":[{"name":"wp","href":"https:\/\/api.w.org\/{rel}","templated":true}]}}