{"id":98,"date":"2025-02-25T10:44:47","date_gmt":"2025-02-25T09:44:47","guid":{"rendered":"https:\/\/mm-mietwerkzeug.de\/?page_id=98"},"modified":"2025-09-18T09:32:13","modified_gmt":"2025-09-18T07:32:13","slug":"impressum","status":"publish","type":"page","link":"https:\/\/mm-mietwerkzeug.de\/?page_id=98","title":{"rendered":"Impressum"},"content":{"rendered":"\n<p><strong>Gesetzliche Anbieterkennung:&nbsp;<\/strong><\/p>\n\n\n\n<p><strong>M\u00fcller &amp; M\u00fcller Mietwerkzeug GbR<\/strong><br><strong>Gracht 126<\/strong><br><strong>45470 M\u00fclheim an der Ruhr<\/strong><br><strong>Deutschland<\/strong><br><strong><strong>Telefon<\/strong>: <a href=\"tel:015560055044\">01556 &#8211; 00 55 044<\/a><\/strong><br><strong>WhatsApp<\/strong>: <strong><a href=\"https:\/\/wa.me\/4915560055044\">&#8222;Hier klicken&#8220;<\/a><\/strong><br><strong>E-Mail: <a href=\"mailto:info@mm-mietwerkzeug.de\">info@mm-mietwerkzeug.de<\/a><\/strong><\/p>\n\n\n\n<p><strong>USt-IdNr.: DE453909572<\/strong><\/p>\n\n\n\n<p><\/p>\n","protected":false},"excerpt":{"rendered":"<p>Gesetzliche Anbieterkennung:&nbsp; M\u00fcller &amp; M\u00fcller Mietwerkzeug GbRGracht 12645470 M\u00fclheim an der RuhrDeutschlandTelefon: 01556 &#8211; 00 55 044WhatsApp: &#8222;Hier klicken&#8220;E-Mail: info@mm-mietwerkzeug.de USt-IdNr.: DE453909572<\/p>\n","protected":false},"author":1,"featured_media":0,"parent":0,"menu_order":0,"comment_status":"closed","ping_status":"closed","template":"","meta":{"footnotes":""},"class_list":["post-98","page","type-page","status-publish","hentry"],"_links":{"self":[{"href":"https:\/\/mm-mietwerkzeug.de\/index.php?rest_route=\/wp\/v2\/pages\/98","targetHints":{"allow":["GET"]}}],"collection":[{"href":"https:\/\/mm-mietwerkzeug.de\/index.php?rest_route=\/wp\/v2\/pages"}],"about":[{"href":"https:\/\/mm-mietwerkzeug.de\/index.php?rest_route=\/wp\/v2\/types\/page"}],"author":[{"embeddable":true,"href":"https:\/\/mm-mietwerkzeug.de\/index.php?rest_route=\/wp\/v2\/users\/1"}],"replies":[{"embeddable":true,"href":"https:\/\/mm-mietwerkzeug.de\/index.php?rest_route=%2Fwp%2Fv2%2Fcomments&post=98"}],"version-history":[{"count":4,"href":"https:\/\/mm-mietwerkzeug.de\/index.php?rest_route=\/wp\/v2\/pages\/98\/revisions"}],"predecessor-version":[{"id":870,"href":"https:\/\/mm-mietwerkzeug.de\/index.php?rest_route=\/wp\/v2\/pages\/98\/revisions\/870"}],"wp:attachment":[{"href":"https:\/\/mm-mietwerkzeug.de\/index.php?rest_route=%2Fwp%2Fv2%2Fmedia&parent=98"}],"curies":[{"name":"wp","href":"https:\/\/api.w.org\/{rel}","templated":true}]}}